{"id":2,"date":"2015-02-25T14:59:34","date_gmt":"2015-02-25T14:59:34","guid":{"rendered":"http:\/\/iamaw2468.ca\/?page_id=2"},"modified":"2022-12-13T14:21:25","modified_gmt":"2022-12-13T19:21:25","slug":"sample-page","status":"publish","type":"page","link":"http:\/\/iamaw2468.ca\/?page_id=2","title":{"rendered":"CONTACT"},"content":{"rendered":"<p><strong>George ZONI<\/strong><br \/>\nPr\u00e9sident<br \/>\nT\u00e9l.: (514) 531-2468<br \/>\n<a href=\"mailto:gzoni@iamaw2468.ca\">gzoni@iamaw2468.ca<\/a><\/p>\n<p><strong>Mario LELIEVRE<\/strong><br \/>\nVice President<br \/>\nT\u00e9l.: (514)\u00a0715-2155<br \/>\n<a href=\"mailto:mlelievre@iamaw2468.ca\">mlelievre@iamaw2468.ca<\/a><\/p>\n<p><strong>Daren LEGAULT<\/strong><br \/>\nSecretary Treasurer<br \/>\nT\u00e9l.: (514) 518-8028<br \/>\n<a href=\"mailto:dlegault@iamaw2468.ca\">dlegault@iamaw2468.ca<\/a><\/p>\n<p><strong>Ivan HALAR<\/strong><strong><br \/>\n<\/strong>Recording Secretary<br \/>\nT\u00e9l.: (514)\u00a0566-4475<br \/>\n<a href=\"mailto:ihalar@iamaw2468.ca\">ihalar@iamaw2468.ca<\/a><\/p>\n<p><strong>Mario LELIEVRE<\/strong><br \/>\nPr\u00e9sident Comit\u00e9 Grief &#8211; RRC<br \/>\nT\u00e9l.: (514)\u00a0715-2155<br \/>\n<a href=\"mailto:mlelievre@iamaw2468.ca\">mlelievre@iamaw2468.ca<\/a><\/p>\n<p><strong>George ZONI<\/strong><br \/>\nChair, Grievance Committee &#8211; SEC-AGT<br \/>\nT\u00e9l.: (514) 531-2468<br \/>\n<a href=\"mailto:gzoni@iamaw2468.ca\">gzoni@iamaw2468.ca<\/a><\/p>\n<p><strong>Tanner LIPPIATT<\/strong><br \/>\nChair, Grievance Committee &#8211; RRC Engineers<br \/>\nT\u00e9l.: (514) 641-4371<br \/>\n<a href=\"mailto:tanner.lippiatt@rolls-royce.com\">tanner.lippiatt@rolls-royce.com<\/a><\/p>\n","protected":false},"excerpt":{"rendered":"<p>George ZONI Pr\u00e9sident T\u00e9l.: (514) 531-2468 gzoni@iamaw2468.ca Mario LELIEVRE Vice President T\u00e9l.: (514)\u00a0715-2155 mlelievre@iamaw2468.ca Daren LEGAULT Secretary Treasurer T\u00e9l.: (514) 518-8028 dlegault@iamaw2468.ca Ivan HALAR Recording Secretary T\u00e9l.: (514)\u00a0566-4475 ihalar@iamaw2468.ca Mario LELIEVRE Pr\u00e9sident Comit\u00e9 Grief &#8211; RRC T\u00e9l.: (514)\u00a0715-2155 mlelievre@iamaw2468.ca George ZONI Chair, Grievance Committee &#8211; SEC-AGT T\u00e9l.: (514) 531-2468 gzoni@iamaw2468.ca Tanner LIPPIATT Chair, Grievance Committee &#8211; RRC Engineers T\u00e9l.: (514)<\/p>\n","protected":false},"author":7,"featured_media":0,"parent":0,"menu_order":0,"comment_status":"open","ping_status":"open","template":"","meta":{"footnotes":""},"class_list":["post-2","page","type-page","status-publish","hentry"],"_links":{"self":[{"href":"http:\/\/iamaw2468.ca\/index.php?rest_route=\/wp\/v2\/pages\/2","targetHints":{"allow":["GET"]}}],"collection":[{"href":"http:\/\/iamaw2468.ca\/index.php?rest_route=\/wp\/v2\/pages"}],"about":[{"href":"http:\/\/iamaw2468.ca\/index.php?rest_route=\/wp\/v2\/types\/page"}],"author":[{"embeddable":true,"href":"http:\/\/iamaw2468.ca\/index.php?rest_route=\/wp\/v2\/users\/7"}],"replies":[{"embeddable":true,"href":"http:\/\/iamaw2468.ca\/index.php?rest_route=%2Fwp%2Fv2%2Fcomments&post=2"}],"version-history":[{"count":14,"href":"http:\/\/iamaw2468.ca\/index.php?rest_route=\/wp\/v2\/pages\/2\/revisions"}],"predecessor-version":[{"id":1533,"href":"http:\/\/iamaw2468.ca\/index.php?rest_route=\/wp\/v2\/pages\/2\/revisions\/1533"}],"wp:attachment":[{"href":"http:\/\/iamaw2468.ca\/index.php?rest_route=%2Fwp%2Fv2%2Fmedia&parent=2"}],"curies":[{"name":"wp","href":"https:\/\/api.w.org\/{rel}","templated":true}]}}